{"id":59,"date":"2025-05-22T09:36:50","date_gmt":"2025-05-22T09:36:50","guid":{"rendered":"https:\/\/arvoredigital.pt\/web\/services\/"},"modified":"2025-05-29T11:40:49","modified_gmt":"2025-05-29T11:40:49","slug":"servicos","status":"publish","type":"page","link":"https:\/\/arvoredigital.pt\/web\/servicos\/","title":{"rendered":"Servi\u00e7os"},"content":{"rendered":"\n\n\n<h3><strong>Porqu\u00ea escolher a ARVOREDIGITAL<\/strong><\/h3>\n<h5>Porque n\u00e3o basta saber de inform\u00e1tica<br>\u00e9 preciso saber cuidar de pessoas atrav\u00e9s da tecnologia.<\/h5>\n<p>Na ARVOREDIGITAL, acreditamos que cada cliente \u00e9 \u00fanico e merece um servi\u00e7o personalizado, transparente e eficaz. <br>Estas s\u00e3o as raz\u00f5es pelas quais tantos clientes confiam em n\u00f3s:<\/p>\n\nExperi\u00eancia Comprovada <span style=\"font-weight: normal;\"><br>Anos de atua\u00e7\u00e3o no setor com centenas de interven\u00e7\u00f5es bem-sucedidas em consultoria, manuten\u00e7\u00e3o e repara\u00e7\u00e3o inform\u00e1tica.<\/span>\nEspecializa\u00e7\u00e3o em Port\u00e1teis <span style=\"font-weight: normal;\"><br>Somos refer\u00eancia na repara\u00e7\u00e3o de port\u00e1teis, oferecendo diagn\u00f3sticos r\u00e1pidos, solu\u00e7\u00f5es duradouras e pe\u00e7as de qualidade.<\/span>\nAtendimento Pr\u00f3ximo e Humano <span style=\"font-weight: normal;\"><br>Aqui, fala com pessoas \u2014 n\u00e3o com m\u00e1quinas. <br>Acompanhamos cada cliente com aten\u00e7\u00e3o, paci\u00eancia e clareza, sem jarg\u00f5es t\u00e9cnicos desnecess\u00e1rios.<\/span>\nSolu\u00e7\u00f5es \u00e0 Medida <span style=\"font-weight: normal;\"><br>Desde o backup na cloud at\u00e9 \u00e0 venda de equipamentos novos ou recondicionados, tudo \u00e9 pensado de acordo com as suas reais necessidades \u2014 sem pacotes prontos, sem desperd\u00edcios.<\/span>\nPre\u00e7os Justos e Sem Surpresas <span style=\"font-weight: normal;\"><br>Trabalhamos com or\u00e7amentos claros e sem custos escondidos. A nossa pol\u00edtica \u00e9 de honestidade total, do in\u00edcio ao fim.<\/span>\nApoio Cont\u00ednuo <span style=\"font-weight: normal;\"><br>Mais do que resolver um problema, oferecemos acompanhamento e preven\u00e7\u00e3o, para que nunca fique na m\u00e3o quando mais precisa.<\/span>\n\n\n\n\n\n<h2>Os nossos servi\u00e7os<\/h2>\n<p>Na ARVOREDIGITAL, oferecemos solu\u00e7\u00f5es completas e personalizadas na \u00e1rea das tecnologias de informa\u00e7\u00e3o. Com foco na excel\u00eancia t\u00e9cnica e no atendimento pr\u00f3ximo ao cliente, garantimos servi\u00e7os eficazes, \u00e1geis e de confian\u00e7a. Conhe\u00e7a as nossas principais \u00e1reas de atua\u00e7\u00e3o:<\/p>\n\n\n<p style=\"color: #ffffff;\">Ajudamos empresas e particulares a encontrar as melhores solu\u00e7\u00f5es tecnol\u00f3gicas para os seus desafios. Avaliamos a infraestrutura existente, identificamos oportunidades de melhoria e implementamos estrat\u00e9gias eficientes para maximizar a performance e a seguran\u00e7a dos seus sistemas.\n\n<\/p>\n<p style=\"color: #ffffff;\">Disponibilizamos uma vasta gama de equipamentos novos e recondicionados, cuidadosamente selecionados e testados. <br>Se procura qualidade com bom pre\u00e7o, temos a solu\u00e7\u00e3o certa para si.<\/p>\n\n\n<p style= \"color: #ffffff;\">Somos especialistas na repara\u00e7\u00e3o de equipamentos inform\u00e1ticos, com destaque para port\u00e1teis. Realizamos diagn\u00f3sticos precisos e interven\u00e7\u00f5es t\u00e9cnicas que restauram o desempenho dos seus dispositivos, prolongando a sua vida \u00fatil.<\/p>\n<p style= \"color: #ffffff;\">A seguran\u00e7a dos seus dados \u00e9 uma prioridade. Gerimos solu\u00e7\u00f5es de backup na Cloud, garantindo que as suas informa\u00e7\u00f5es est\u00e3o protegidas, acess\u00edveis e facilmente recuper\u00e1veis em caso de perda ou falha t\u00e9cnica.<\/p>\n\n\n<p style= \"color: #ffffff;\">Prevenir \u00e9 sempre melhor que remediar. Oferecemos planos de manuten\u00e7\u00e3o preventiva que garantem o bom funcionamento dos seus sistemas, evitando falhas inesperadas, melhorando a performance e assegurando a continuidade das suas opera\u00e7\u00f5es..<\/p>\n<p style=\"\"><font color=\"#ffffff\">Equipamentos recondicionados s\u00e3o dispositivos usados que passaram por um rigoroso processo de verifica\u00e7\u00e3o, repara\u00e7\u00e3o e limpeza para voltarem ao mercado com pleno funcionamento e excelente desempenho.<\/font><\/p>\n\n\n\n\n","protected":false},"excerpt":{"rendered":"","protected":false},"author":1,"featured_media":0,"parent":0,"menu_order":0,"comment_status":"closed","ping_status":"closed","template":"","meta":{"pagelayer_contact_templates":[],"_pagelayer_content":"","footnotes":""},"class_list":["post-59","page","type-page","status-publish","hentry"],"jetpack_sharing_enabled":true,"_links":{"self":[{"href":"https:\/\/arvoredigital.pt\/web\/wp-json\/wp\/v2\/pages\/59","targetHints":{"allow":["GET"]}}],"collection":[{"href":"https:\/\/arvoredigital.pt\/web\/wp-json\/wp\/v2\/pages"}],"about":[{"href":"https:\/\/arvoredigital.pt\/web\/wp-json\/wp\/v2\/types\/page"}],"author":[{"embeddable":true,"href":"https:\/\/arvoredigital.pt\/web\/wp-json\/wp\/v2\/users\/1"}],"replies":[{"embeddable":true,"href":"https:\/\/arvoredigital.pt\/web\/wp-json\/wp\/v2\/comments?post=59"}],"version-history":[{"count":9,"href":"https:\/\/arvoredigital.pt\/web\/wp-json\/wp\/v2\/pages\/59\/revisions"}],"predecessor-version":[{"id":283,"href":"https:\/\/arvoredigital.pt\/web\/wp-json\/wp\/v2\/pages\/59\/revisions\/283"}],"wp:attachment":[{"href":"https:\/\/arvoredigital.pt\/web\/wp-json\/wp\/v2\/media?parent=59"}],"curies":[{"name":"wp","href":"https:\/\/api.w.org\/{rel}","templated":true}]}}