{"id":58,"date":"2025-05-22T09:36:50","date_gmt":"2025-05-22T09:36:50","guid":{"rendered":"https:\/\/arvoredigital.pt\/web\/home\/"},"modified":"2025-05-29T15:37:38","modified_gmt":"2025-05-29T15:37:38","slug":"home","status":"publish","type":"page","link":"https:\/\/arvoredigital.pt\/web\/","title":{"rendered":"Home"},"content":{"rendered":"\n\n\n<p style=\"color: #ffffffd5;\">Proteja os seus ativos cr\u00edticos, estejam onde estiverem.<\/p>\n<p style=\"color: #ffffffd5;\">Trabalhamos com marcas reconhecidas no mercado para fornecer computadores, port\u00e1teis recondicionados de gama profissionais fi\u00e1veis e com a melhor rela\u00e7\u00e3o qualidade &#8211; pre\u00e7o..<\/p>\n\n\n<p style=\"color: #ffffffd5;\">Desde a simples formata\u00e7\u00e3o at\u00e9 \u00e0 gest\u00e3o completa da rede inform\u00e1tica local ou remota.<\/p>\n<p style= \"color: #ffffffd5;\">Prevenir \u00e9 sempre melhor que remediar. Oferecemos planos de manuten\u00e7\u00e3o preventiva que garantem o bom funcionamento dos seus sistemas, evitando falhas inesperadas, melhorando a performance e assegurando a continuidade das suas opera\u00e7\u00f5es..<\/p>\n\n\n\nNa ARVOREDIGITAL, oferecemos solu\u00e7\u00f5es completas e personalizadas na \u00e1rea das tecnologias de informa\u00e7\u00e3o. <br><br>Com foco na excel\u00eancia t\u00e9cnica e no atendimento pr\u00f3ximo ao cliente, garantimos servi\u00e7os eficazes, \u00e1geis e de confian\u00e7a. Conhe\u00e7a as nossas principais \u00e1reas de atua\u00e7\u00e3o:\n\n\n\n\n\n<h2>Porqu\u00ea escolher a ARVOREDIGITAL?<\/h2>\n<h6>Porque n\u00e3o basta saber de inform\u00e1tica \u2014 \u00e9 preciso saber cuidar de pessoas atrav\u00e9s da tecnologia.<\/h6>\nAcreditamos que cada cliente \u00e9 \u00fanico e merece um servi\u00e7o personalizado, transparente e eficaz.<br>&nbsp;Estas s\u00e3o as raz\u00f5es pelas quais tantos clientes confiam em n\u00f3s:\n\n\n<p style= \"color: #ffffff;\">Anos de atua\u00e7\u00e3o no setor com centenas de interven\u00e7\u00f5es bem-sucedidas em consultoria, manuten\u00e7\u00e3o e repara\u00e7\u00e3o inform\u00e1tica..<\/p>\n<p style= \"color: #ffffff;\">Desde o backup na cloud at\u00e9 \u00e0 venda de equipamentos novos ou recondicionados, tudo \u00e9 pensado de acordo com as suas reais necessidades \u2014 sem pacotes prontos, sem desperd\u00edcios.<\/p>\n\n\n<p style= \"color: #ffffff;\">Somos refer\u00eancia na repara\u00e7\u00e3o de port\u00e1teis, oferecendo diagn\u00f3sticos r\u00e1pidos, solu\u00e7\u00f5es duradouras e pe\u00e7as de qualidade.<\/p>\n<p style= \"color: #ffffff;\">Trabalhamos com or\u00e7amentos claros e sem custos escondidos. A nossa pol\u00edtica \u00e9 de honestidade total, do in\u00edcio ao fim.<\/p>\n\n\n<p style= \"color: #ffffff;\">Aqui, fala com pessoas \u2014 n\u00e3o com m\u00e1quinas. Acompanhamos cada cliente com aten\u00e7\u00e3o, paci\u00eancia e clareza, sem jarg\u00f5es t\u00e9cnicos desnecess\u00e1rios.<\/p>\n<p style=\"color: #ffffff;\">Mais do que resolver um problema, oferecemos acompanhamento e preven\u00e7\u00e3o, para que nunca fique na m\u00e3o quando mais precisa.<\/p>\n\n\n<h4 style=\"text-align: center;\">Se procura uma empresa <span style=\"font-size:normal;\"><span style=\"\"><\/span><\/span>de inform\u00e1tica que combin<span style=\"line-height:1;\">a <span style=\"font-size:large;\"><\/span>profissionalismo t\u00e9cnico com empatia verdadeira, a ARVOREDIGITAL \u00e9 a escolha certa para si.<\/span><\/h4>\n\n\n\n","protected":false},"excerpt":{"rendered":"","protected":false},"author":1,"featured_media":0,"parent":0,"menu_order":0,"comment_status":"closed","ping_status":"closed","template":"","meta":{"pagelayer_contact_templates":[],"_pagelayer_content":"","footnotes":""},"class_list":["post-58","page","type-page","status-publish","hentry"],"jetpack_sharing_enabled":true,"_links":{"self":[{"href":"https:\/\/arvoredigital.pt\/web\/wp-json\/wp\/v2\/pages\/58","targetHints":{"allow":["GET"]}}],"collection":[{"href":"https:\/\/arvoredigital.pt\/web\/wp-json\/wp\/v2\/pages"}],"about":[{"href":"https:\/\/arvoredigital.pt\/web\/wp-json\/wp\/v2\/types\/page"}],"author":[{"embeddable":true,"href":"https:\/\/arvoredigital.pt\/web\/wp-json\/wp\/v2\/users\/1"}],"replies":[{"embeddable":true,"href":"https:\/\/arvoredigital.pt\/web\/wp-json\/wp\/v2\/comments?post=58"}],"version-history":[{"count":3,"href":"https:\/\/arvoredigital.pt\/web\/wp-json\/wp\/v2\/pages\/58\/revisions"}],"predecessor-version":[{"id":279,"href":"https:\/\/arvoredigital.pt\/web\/wp-json\/wp\/v2\/pages\/58\/revisions\/279"}],"wp:attachment":[{"href":"https:\/\/arvoredigital.pt\/web\/wp-json\/wp\/v2\/media?parent=58"}],"curies":[{"name":"wp","href":"https:\/\/api.w.org\/{rel}","templated":true}]}}