{"id":57,"date":"2025-05-22T09:36:50","date_gmt":"2025-05-22T09:36:50","guid":{"rendered":"https:\/\/arvoredigital.pt\/web\/contact-us\/"},"modified":"2025-06-02T13:15:04","modified_gmt":"2025-06-02T13:15:04","slug":"contatos","status":"publish","type":"page","link":"https:\/\/arvoredigital.pt\/web\/contatos\/","title":{"rendered":"Contatos"},"content":{"rendered":"\n\n\n\n\n\n\n<p>Onde estamos?<\/p>\n\n<p>A ARVOREDIGITAL \u00e9 uma empresa portuguesa dedicada \u00e0 presta\u00e7\u00e3o de servi\u00e7os na \u00e1rea da inform\u00e1tica, com um compromisso s\u00f3lido com a qualidade, confian\u00e7a e proximidade. <\/p>\n<p>Sediada em Vila Nova de Gaia, norte de Portugal, atuamos a n\u00edvel nacional com foco no cliente, oferecendo solu\u00e7\u00f5es tecnol\u00f3gicas eficientes e personalizadas para particulares, pequenas empresas e profissionais.<\/p>\n\n\n\n<p style=\"color: rgb(255, 255, 255); text-align: center;\">Morada<\/p>\n\n\n<p style=\"color: rgb(255, 255, 255);\">Rua da Ramadinha 178<br>4400-264 Vila Nova de Gaia<\/p>\n<p><span style=\"color:#ffffff;\">(perto do Metro D. Jo\u00e3o II)<\/span><span style=\"color:#ffffff;\"><\/span><\/p>\n\n\n\n\n\n<p style=\"color: rgb(255, 255, 255); text-align: center;\">Telefone<\/p>\n\n\n<p style=\"color: rgb(255, 255, 255);\">GERAL: 22 093 44 76<br><\/p>\n<p><font color=\"#ffffff\">LOJA ONLINE: 22 013 50 81<\/font><\/p>\n\n\n\n\n\n<p style=\"color: rgb(255, 255, 255); text-align: center;\">EMAIL<\/p>\n\n\n<p style=\"color: rgb(255, 255, 255);\">geral@arvoredigital.pt<\/p>\n\n\n\n\n\n<p style=\"color: rgb(255, 255, 255); text-align: center;\">WhatApp<\/p>\n\n\n\n\n\n\n\n\n\nRua da Ramadinha 178, Portugal\n\n\n","protected":false},"excerpt":{"rendered":"","protected":false},"author":1,"featured_media":0,"parent":0,"menu_order":0,"comment_status":"closed","ping_status":"closed","template":"","meta":{"pagelayer_contact_templates":[],"_pagelayer_content":"","footnotes":""},"class_list":["post-57","page","type-page","status-publish","hentry"],"jetpack_sharing_enabled":true,"_links":{"self":[{"href":"https:\/\/arvoredigital.pt\/web\/wp-json\/wp\/v2\/pages\/57","targetHints":{"allow":["GET"]}}],"collection":[{"href":"https:\/\/arvoredigital.pt\/web\/wp-json\/wp\/v2\/pages"}],"about":[{"href":"https:\/\/arvoredigital.pt\/web\/wp-json\/wp\/v2\/types\/page"}],"author":[{"embeddable":true,"href":"https:\/\/arvoredigital.pt\/web\/wp-json\/wp\/v2\/users\/1"}],"replies":[{"embeddable":true,"href":"https:\/\/arvoredigital.pt\/web\/wp-json\/wp\/v2\/comments?post=57"}],"version-history":[{"count":15,"href":"https:\/\/arvoredigital.pt\/web\/wp-json\/wp\/v2\/pages\/57\/revisions"}],"predecessor-version":[{"id":280,"href":"https:\/\/arvoredigital.pt\/web\/wp-json\/wp\/v2\/pages\/57\/revisions\/280"}],"wp:attachment":[{"href":"https:\/\/arvoredigital.pt\/web\/wp-json\/wp\/v2\/media?parent=57"}],"curies":[{"name":"wp","href":"https:\/\/api.w.org\/{rel}","templated":true}]}}